{"id":1,"date":"2019-09-04T14:57:03","date_gmt":"2019-09-04T14:57:03","guid":{"rendered":"https:\/\/emblem.mx\/02_emblem\/?p=1"},"modified":"2024-09-15T03:50:02","modified_gmt":"2024-09-15T03:50:02","slug":"home","status":"publish","type":"page","link":"https:\/\/emblem.mx\/02_emblem\/","title":{"rendered":"Home"},"content":{"rendered":"<ul>\n<li>\n<p>        <video src=\"\/02_emblem\/wp-content\/uploads\/2022\/03\/video_01.mp4\"><\/video><\/p>\n<h2>Somos l\u00edderes<\/h2>\n<p>En publicidad exterior<\/p>\n<p><a href=\"\/02_emblem\/espectaculares\/\">Ver espectaculares<\/a><\/p>\n<\/li>\n<li>\n<p>        <img decoding=\"async\" src=\"\/02_emblem\/wp-content\/uploads\/2022\/06\/2022_jun_lpz_mateos_168_v2.jpeg\" alt=\"Publicidad Exterior 1\"><\/p>\n<h2>Somos l\u00edderes en Publicidad Exterior<\/h2>\n<p>En publicidad exterior<\/p>\n<p><a href=\"\/02_emblem\/espectaculares-login\/\">Ver espectaculares<\/a><\/p>\n<\/li>\n<li>\n<p>        <img decoding=\"async\" src=\"\/02_emblem\/wp-content\/uploads\/2022\/05\/slide_melchor_ocampo.jpg\" alt=\"Publicidad Exterior 2\"><\/p>\n<h2>Somos l\u00edderes en publicidad exterior<\/h2>\n<p>En publicidad exterior<\/p>\n<p><a href=\"\/02_emblem\/espectaculares-login\/\">Ver espectaculares<\/a><\/p>\n<\/li>\n<li>\n<p>        <img decoding=\"async\" src=\"\/02_emblem\/wp-content\/uploads\/2022\/05\/slide_sur_69.jpg\" alt=\"\"><\/p>\n<h2>Somos l\u00edderes<\/h2>\n<p>En publicidad exterior<\/p>\n<p><a href=\"\/02_emblem\/espectaculares-login\/\">Ver espectaculares<\/a><\/p>\n<\/li>\n<li>\n<p>        <img decoding=\"async\" src=\"\/02_emblem\/wp-content\/uploads\/2022\/05\/slide_ures.jpg\" alt=\"\"><\/p>\n<h2>Somos l\u00edderes<\/h2>\n<p>En publicidad exterior<\/p>\n<p><a href=\"\/02_emblem\/espectaculares-login\/\">Ver espectaculares<\/a><\/p>\n<\/li>\n<\/ul>\n<h2>\u00bfQui\u00e9nes somos?<\/h2>\n<div>Somos una empresa 100% mexicana con m\u00e1s de 50 a\u00f1os de experiencia en el ramo del OOH. Somos reconocidos por la Seriedad, Profesionalismo y Excelente servicio que brindamos a cada uno de los proyectos y a nuestros clientes.\n<\/div>\n<div>\n<h2>Tu soluci\u00f3n completa en<\/h2>\n<\/div>\n<div>\n<h1>publicidad exterior<span class=\"uk-text-primary\">.<\/span><\/h1>\n<\/div>\n<ul>\n<li>\n<div>Cobertura Nacional<\/div>\n<\/li>\n<li>\n<div>Las mejores ubicaciones<\/div>\n<\/li>\n<li>\n<div>Atenci\u00f3n personalizada para nuestros clientes<\/div>\n<\/li>\n<\/ul>\n<div>\n<p>    <img decoding=\"async\" src=\"\/02_emblem\/wp-content\/uploads\/2022\/04\/mapa.png\" alt=\"\"><\/p>\n<h3><span class=\"uk-text-primary\"><\/span>Cobertura<\/h3>\n<p><a href=\"#\"><\/a><\/p>\n<\/div>\n<p><!--more--><br \/>\n<!-- {\"name\":\"Home\",\"type\":\"layout\",\"children\":[{\"name\":\"Hero\",\"type\":\"section\",\"props\":{\"style\":\"default\",\"width\":\"\",\"vertical_align\":\"middle\",\"title_position\":\"top-left\",\"title_rotation\":\"left\",\"title_breakpoint\":\"xl\",\"image_position\":\"center-center\",\"padding\":\"none\",\"padding_remove_top\":false,\"height\":\"percent\",\"header_transparent\":\"light\",\"header_transparent_noplaceholder\":true},\"children\":[{\"name\":\"\",\"type\":\"row\",\"children\":[{\"name\":\"\",\"type\":\"column\",\"props\":{\"image_position\":\"center-center\",\"media_overlay_gradient\":\"\",\"width_medium\":\"1-1\",\"position_sticky_breakpoint\":\"m\"},\"children\":[{\"name\":\"\",\"type\":\"slideshow\",\"props\":{\"show_title\":true,\"show_meta\":true,\"show_content\":true,\"show_link\":true,\"show_thumbnail\":true,\"slideshow_min_height\":\"600\",\"slideshow_autoplay_pause\":false,\"nav\":\"dotnav\",\"nav_position\":\"bottom-center\",\"nav_position_margin\":\"medium\",\"nav_align\":\"center\",\"nav_breakpoint\":\"xl\",\"thumbnav_width\":\"100\",\"thumbnav_height\":\"75\",\"slidenav\":\"bottom-right\",\"slidenav_margin\":\"\",\"slidenav_breakpoint\":\"m\",\"slidenav_outside_breakpoint\":\"xl\",\"overlay_position\":\"center-left\",\"overlay_animation\":\"slide-left-medium\",\"title_element\":\"h2\",\"meta_style\":\"meta\",\"meta_align\":\"below-title\",\"link_text\":\"Ver espectaculares\",\"link_style\":\"primary\",\"margin\":\"default\",\"overlay_style\":\"overlay-default\",\"overlay_padding\":\"large\",\"overlay_width\":\"\",\"overlay_margin\":\"none\",\"title_style\":\"heading-medium\",\"link_target\":false,\"slideshow_height\":\"percent\",\"nav_below\":false,\"slidenav_large\":true,\"overlay_container\":\"\",\"slideshow_autoplay\":true,\"slideshow_animation\":\"\",\"image_width\":\"2560\",\"image_height\":\"1440\",\"thumbnav_svg_color\":\"emphasis\",\"title_margin\":\"remove\",\"slideshow_box_shadow\":\"\",\"slideshow_box_decoration\":\"\",\"slideshow_kenburns\":\"\",\"nav_margin\":\"\",\"nav_color\":\"\",\"slidenav_outside_color\":\"\",\"overlay_container_padding\":\"\",\"link_margin\":\"small\",\"meta_element\":\"div\",\"slideshow_velocity\":\"3\",\"meta_margin\":\"remove\",\"css\":\".el-title{\\nfont-weight:bold;\\n    margin-left:-2px;\\n}\\n\\n.el-meta{\\nfont-weight:bold;\\n    color:#fff;\\n}\\n\\n.el-link{\\n    color:#fff;\\n}\\n\\n.uk-overlay-default {\\n    background: 0 0;\\n    background-image: linear-gradient(to bottom,rgba(0,0,0,0),rgba(0,0,0,0));\\n}\"},\"children\":[{\"name\":\"\",\"type\":\"slideshow_item\",\"props\":{\"image\":\"\",\"title\":\"Somos l\\u00edderes\",\"meta\":\"En publicidad exterior\",\"link\":\"espectaculares\\\/\",\"link_text\":\"\",\"media_overlay\":\"background: rgba(0,0,0,0); background: -moz-linear-gradient(top, rgba(0,0,0,0) 0%, rgba(0,0,0,0) 36%, rgba(0,0,0,1) 100%); background: -webkit-gradient(left top, left bottom, color-stop(0%, rgba(0,0,0,0)), color-stop(36%, rgba(0,0,0,0)), color-stop(100%, rgba(0,0,0,1))); background: -webkit-linear-gradient(top, rgba(0,0,0,0) 0%, rgba(0,0,0,0) 36%, rgba(0,0,0,1) 100%); background: -o-linear-gradient(top, rgba(0,0,0,0) 0%, rgba(0,0,0,0) 36%, rgba(0,0,0,1) 100%); background: -ms-linear-gradient(top, rgba(0,0,0,0) 0%, rgba(0,0,0,0) 36%, rgba(0,0,0,1) 100%); background: linear-gradient(to bottom, rgba(0,0,0,0) 0%, rgba(0,0,0,0) 36%, rgba(0,0,0,1) 100%); filter: progid:DXImageTransform.Microsoft.gradient( startColorstr='#000000', endColorstr='#000000', GradientType=0 );\",\"video\":\"wp-content\\\/uploads\\\/2022\\\/03\\\/video_01.mp4\"}},{\"name\":\"\",\"type\":\"slideshow_item\",\"props\":{\"image\":\"wp-content\\\/uploads\\\/2022\\\/06\\\/2022_jun_lpz_mateos_168_v2.jpeg\",\"title\":\"Somos l\\u00edderes en Publicidad Exterior\",\"meta\":\"En publicidad exterior\",\"link\":\"espectaculares-login\\\/\",\"link_text\":\"\",\"media_overlay\":\"background: rgba(0,0,0,0); background: -moz-linear-gradient(top, rgba(0,0,0,0) 0%, rgba(0,0,0,0) 36%, rgba(0,0,0,1) 100%); background: -webkit-gradient(left top, left bottom, color-stop(0%, rgba(0,0,0,0)), color-stop(36%, rgba(0,0,0,0)), color-stop(100%, rgba(0,0,0,1))); background: -webkit-linear-gradient(top, rgba(0,0,0,0) 0%, rgba(0,0,0,0) 36%, rgba(0,0,0,1) 100%); background: -o-linear-gradient(top, rgba(0,0,0,0) 0%, rgba(0,0,0,0) 36%, rgba(0,0,0,1) 100%); background: -ms-linear-gradient(top, rgba(0,0,0,0) 0%, rgba(0,0,0,0) 36%, rgba(0,0,0,1) 100%); background: linear-gradient(to bottom, rgba(0,0,0,0) 0%, rgba(0,0,0,0) 36%, rgba(0,0,0,1) 100%); filter: progid:DXImageTransform.Microsoft.gradient( startColorstr='#000000', endColorstr='#000000', GradientType=0 );\",\"image_alt\":\"Publicidad Exterior 1\"}},{\"name\":\"\",\"type\":\"slideshow_item\",\"props\":{\"image\":\"wp-content\\\/uploads\\\/2022\\\/05\\\/slide_melchor_ocampo.jpg\",\"title\":\"Somos l\\u00edderes en publicidad exterior\",\"meta\":\"En publicidad exterior\",\"link\":\"espectaculares-login\\\/\",\"link_text\":\"\",\"media_overlay\":\"background: rgba(0,0,0,0); background: -moz-linear-gradient(top, rgba(0,0,0,0) 0%, rgba(0,0,0,0) 36%, rgba(0,0,0,1) 100%); background: -webkit-gradient(left top, left bottom, color-stop(0%, rgba(0,0,0,0)), color-stop(36%, rgba(0,0,0,0)), color-stop(100%, rgba(0,0,0,1))); background: -webkit-linear-gradient(top, rgba(0,0,0,0) 0%, rgba(0,0,0,0) 36%, rgba(0,0,0,1) 100%); background: -o-linear-gradient(top, rgba(0,0,0,0) 0%, rgba(0,0,0,0) 36%, rgba(0,0,0,1) 100%); background: -ms-linear-gradient(top, rgba(0,0,0,0) 0%, rgba(0,0,0,0) 36%, rgba(0,0,0,1) 100%); background: linear-gradient(to bottom, rgba(0,0,0,0) 0%, rgba(0,0,0,0) 36%, rgba(0,0,0,1) 100%); filter: progid:DXImageTransform.Microsoft.gradient( startColorstr='#000000', endColorstr='#000000', GradientType=0 );\",\"image_alt\":\"Publicidad Exterior 2\"}},{\"name\":\"\",\"type\":\"slideshow_item\",\"props\":{\"image\":\"wp-content\\\/uploads\\\/2022\\\/05\\\/slide_sur_69.jpg\",\"title\":\"Somos l\\u00edderes\",\"meta\":\"En publicidad exterior\",\"link\":\"espectaculares-login\\\/\",\"link_text\":\"\",\"media_overlay\":\"background: rgba(0,0,0,0); background: -moz-linear-gradient(top, rgba(0,0,0,0) 0%, rgba(0,0,0,0) 36%, rgba(0,0,0,1) 100%); background: -webkit-gradient(left top, left bottom, color-stop(0%, rgba(0,0,0,0)), color-stop(36%, rgba(0,0,0,0)), color-stop(100%, rgba(0,0,0,1))); background: -webkit-linear-gradient(top, rgba(0,0,0,0) 0%, rgba(0,0,0,0) 36%, rgba(0,0,0,1) 100%); background: -o-linear-gradient(top, rgba(0,0,0,0) 0%, rgba(0,0,0,0) 36%, rgba(0,0,0,1) 100%); background: -ms-linear-gradient(top, rgba(0,0,0,0) 0%, rgba(0,0,0,0) 36%, rgba(0,0,0,1) 100%); background: linear-gradient(to bottom, rgba(0,0,0,0) 0%, rgba(0,0,0,0) 36%, rgba(0,0,0,1) 100%); filter: progid:DXImageTransform.Microsoft.gradient( startColorstr='#000000', endColorstr='#000000', GradientType=0 );\",\"image_alt\":\"\"}},{\"name\":\"\",\"type\":\"slideshow_item\",\"props\":{\"image\":\"wp-content\\\/uploads\\\/2022\\\/05\\\/slide_ures.jpg\",\"title\":\"Somos l\\u00edderes\",\"meta\":\"En publicidad exterior\",\"link\":\"espectaculares-login\\\/\",\"link_text\":\"\",\"media_overlay\":\"background: rgba(0,0,0,0); background: -moz-linear-gradient(top, rgba(0,0,0,0) 0%, rgba(0,0,0,0) 36%, rgba(0,0,0,1) 100%); background: -webkit-gradient(left top, left bottom, color-stop(0%, rgba(0,0,0,0)), color-stop(36%, rgba(0,0,0,0)), color-stop(100%, rgba(0,0,0,1))); background: -webkit-linear-gradient(top, rgba(0,0,0,0) 0%, rgba(0,0,0,0) 36%, rgba(0,0,0,1) 100%); background: -o-linear-gradient(top, rgba(0,0,0,0) 0%, rgba(0,0,0,0) 36%, rgba(0,0,0,1) 100%); background: -ms-linear-gradient(top, rgba(0,0,0,0) 0%, rgba(0,0,0,0) 36%, rgba(0,0,0,1) 100%); background: linear-gradient(to bottom, rgba(0,0,0,0) 0%, rgba(0,0,0,0) 36%, rgba(0,0,0,1) 100%); filter: progid:DXImageTransform.Microsoft.gradient( startColorstr='#000000', endColorstr='#000000', GradientType=0 );\",\"image_alt\":\"\"}}]}]}]}]},{\"name\":\"About\",\"type\":\"section\",\"props\":{\"style\":\"default\",\"width\":\"xlarge\",\"vertical_align\":\"middle\",\"title_position\":\"top-left\",\"title_rotation\":\"left\",\"title_breakpoint\":\"xl\",\"image_position\":\"top-right\",\"padding\":\"large\",\"image\":\"wp-content\\\/uploads\\\/yootheme\\\/home-about-bg_.svg\",\"image_effect\":\"parallax\",\"image_parallax_bgx_start\":\"-80\",\"image_parallax_bgy_start\":\"150\",\"image_parallax_bgx_end\":\"-80\",\"image_parallax_bgy_end\":\"400\",\"animation\":\"slide-left-medium\",\"animation_delay\":\"200\",\"css\":\"\\\/*@media(min-width: 960px) {\\n\\t.el-section > div { padding-top: 280px; }\\n}*\\\/\\n\",\"padding_remove_bottom\":false,\"media_visibility\":\"s\"},\"children\":[{\"name\":\"\",\"type\":\"row\",\"props\":{\"layout\":\"large,expand\",\"column_gap\":\"large\",\"row_gap\":\"large\"},\"children\":[{\"name\":\"\",\"type\":\"column\",\"props\":{\"image_position\":\"center-center\",\"media_overlay_gradient\":\"\",\"width_large\":\"xlarge\",\"position_sticky_breakpoint\":\"m\"},\"children\":[{\"name\":\"\",\"type\":\"headline\",\"props\":{\"title_element\":\"h2\",\"content\":\"\\u00bfQui\\u00e9nes somos?\",\"title_style\":\"h6\",\"title_color\":\"primary\"}},{\"name\":\"\",\"type\":\"text\",\"props\":{\"margin\":\"default\",\"column_breakpoint\":\"m\",\"content\":\"Somos una empresa 100% mexicana con m\\u00e1s de 50 a\\u00f1os de experiencia en el ramo del OOH. Somos reconocidos por la Seriedad, Profesionalismo y Excelente servicio que brindamos a cada uno de los proyectos y a nuestros clientes.\\n\",\"maxwidth\":\"xlarge\"}},{\"name\":\"\",\"type\":\"headline\",\"props\":{\"title_element\":\"div\",\"content\":\"\n\n<h2>Tu soluci\\u00f3n completa en<\\\/h2>\\n\",\"margin\":\"remove-vertical\",\"title_style\":\"h1\"}},{\"name\":\"\",\"type\":\"headline\",\"props\":{\"title_element\":\"div\",\"content\":\"\n\n<h1>publicidad exterior<span class=\\\"uk-text-primary\\\">.<\\\/span><\\\/h1>\",\"margin\":\"remove-vertical\",\"title_style\":\"h1\"}},{\"type\":\"list\",\"props\":{\"show_image\":true,\"show_link\":true,\"list_type\":\"vertical\",\"list_element\":\"ul\",\"list_horizontal_separator\":\", \",\"column_breakpoint\":\"m\",\"image_svg_color\":\"emphasis\",\"image_align\":\"left\",\"image_vertical_align\":true},\"children\":[{\"type\":\"list_item\",\"props\":{\"content\":\"Cobertura Nacional\",\"icon\":\"check\"}},{\"type\":\"list_item\",\"props\":{\"content\":\"Las mejores ubicaciones\",\"icon\":\"check\"}},{\"type\":\"list_item\",\"props\":{\"content\":\"Atenci\\u00f3n personalizada para nuestros clientes\",\"icon\":\"check\"}}]}]},{\"name\":\"\",\"type\":\"column\",\"props\":{\"image_position\":\"center-center\",\"image\":\"\",\"media_overlay_gradient\":\"\",\"width_large\":\"expand\",\"position_sticky_breakpoint\":\"m\"},\"children\":[{\"name\":\"\",\"type\":\"grid\",\"props\":{\"show_title\":true,\"show_meta\":true,\"show_content\":true,\"show_image\":true,\"show_link\":true,\"grid_default\":\"1\",\"grid_medium\":\"\",\"filter_style\":\"tab\",\"filter_all\":true,\"filter_position\":\"top\",\"filter_align\":\"left\",\"filter_grid_width\":\"auto\",\"title_element\":\"h3\",\"meta_style\":\"meta\",\"meta_align\":\"below-title\",\"image_align\":\"top\",\"image_grid_width\":\"1-2\",\"link_text\":\"\",\"link_style\":\"default\",\"margin\":\"default\",\"css\":\"\\\/*@media (min-width: 960px) {\\n    .uk-first-column > .el-item {\\n        margin-top: 80px;\\n    }\\n}*\\\/\",\"title_style\":\"h6\",\"item_animation\":true,\"image_svg_color\":\"emphasis\",\"title_align\":\"top\",\"title_grid_width\":\"1-2\",\"title_hover_style\":\"reset\",\"filter_grid_breakpoint\":\"m\",\"title_grid_breakpoint\":\"m\",\"image_grid_breakpoint\":\"m\",\"title_link\":true,\"image_link\":true,\"icon_width\":80,\"meta_element\":\"div\",\"content_column_breakpoint\":\"m\",\"animation\":\"slide-left-medium\",\"image_border\":\"rounded\",\"image_box_shadow\":\"medium\",\"text_align\":\"center\",\"image_width\":\"500\"},\"children\":[{\"name\":\"\",\"type\":\"grid_item\",\"props\":{\"image\":\"wp-content\\\/uploads\\\/2022\\\/04\\\/mapa.png\",\"title\":\"<span class=\\\"uk-text-primary\\\"><\\\/span>Cobertura\",\"meta\":\"\",\"link\":\"#\"}}]}]}]}]}],\"version\":\"2.7.22\"} --><\/p>\n","protected":false},"excerpt":{"rendered":"<p>Somos l\u00edderes En publicidad exterior Ver espectaculares Somos l\u00edderes en Publicidad Exterior En publicidad exterior Ver espectaculares Somos l\u00edderes en publicidad exterior En publicidad exterior Ver espectaculares Somos l\u00edderes En publicidad exterior Ver espectaculares Somos l\u00edderes En publicidad exterior Ver espectaculares \u00bfQui\u00e9nes somos? Somos una empresa 100% mexicana con m\u00e1s de 50 a\u00f1os de experiencia [&hellip;]<\/p>\n","protected":false},"author":1,"featured_media":0,"parent":0,"menu_order":5,"comment_status":"open","ping_status":"closed","template":"","meta":{"footnotes":""},"class_list":["post-1","page","type-page","status-publish","hentry"],"_links":{"self":[{"href":"https:\/\/emblem.mx\/02_emblem\/wp-json\/wp\/v2\/pages\/1","targetHints":{"allow":["GET"]}}],"collection":[{"href":"https:\/\/emblem.mx\/02_emblem\/wp-json\/wp\/v2\/pages"}],"about":[{"href":"https:\/\/emblem.mx\/02_emblem\/wp-json\/wp\/v2\/types\/page"}],"author":[{"embeddable":true,"href":"https:\/\/emblem.mx\/02_emblem\/wp-json\/wp\/v2\/users\/1"}],"replies":[{"embeddable":true,"href":"https:\/\/emblem.mx\/02_emblem\/wp-json\/wp\/v2\/comments?post=1"}],"version-history":[{"count":154,"href":"https:\/\/emblem.mx\/02_emblem\/wp-json\/wp\/v2\/pages\/1\/revisions"}],"predecessor-version":[{"id":1937,"href":"https:\/\/emblem.mx\/02_emblem\/wp-json\/wp\/v2\/pages\/1\/revisions\/1937"}],"wp:attachment":[{"href":"https:\/\/emblem.mx\/02_emblem\/wp-json\/wp\/v2\/media?parent=1"}],"curies":[{"name":"wp","href":"https:\/\/api.w.org\/{rel}","templated":true}]}}