{"id":1455,"date":"2022-03-29T21:36:45","date_gmt":"2022-03-29T21:36:45","guid":{"rendered":"https:\/\/emblem.mx\/02_emblem\/?page_id=1455"},"modified":"2024-09-15T04:03:48","modified_gmt":"2024-09-15T04:03:48","slug":"quienes-somos","status":"publish","type":"page","link":"https:\/\/emblem.mx\/02_emblem\/quienes-somos\/","title":{"rendered":"\u00bfQui\u00e9nes somos?"},"content":{"rendered":"<h2>\n<h1 style=\"color: #2a58ff;\">\u00bfQui\u00e9nes somos?<\/h1>\n<\/h2>\n<div>Somos una empresa 100% mexicana con m\u00e1s de 50 a\u00f1os de experiencia en el ramo del OOH. Somos reconocidos por la Seriedad, Profesionalismo y Excelente servicio que brindamos a cada uno de los proyectos y a nuestros clientes.\n<\/div>\n<div>Tu soluci\u00f3n completa <br class=\"uk-visible@s\"> en publicidad exterior<span class=\"uk-text-primary\">.<\/span><\/div>\n<ul>\n<li>\n<div>Cobertura Nacional<\/div>\n<\/li>\n<li>\n<div>Las mejores ubicaciones<\/div>\n<\/li>\n<li>\n<div>\n<p><a href=\"https:\/\/emblem.mx\/02_emblem\/contacto\/\">Atenci\u00f3n personalizada<\/a> para nuestros clientes<\/p>\n<\/div>\n<\/li>\n<\/ul>\n<div>\n<p>    <img decoding=\"async\" src=\"\/02_emblem\/wp-content\/uploads\/2022\/03\/slide_02_ok.jpg\" alt=\"Quienes somos Emblem MX\"><\/p>\n<h3><span class=\"uk-text-primary\"><\/span>Cobertura<\/h3>\n<p><a href=\"#\"><\/a><\/p>\n<\/div>\n<p><!--more--><br \/>\n<!-- {\"type\":\"layout\",\"children\":[{\"name\":\"quienes_somos\",\"type\":\"section\",\"props\":{\"style\":\"default\",\"width\":\"xlarge\",\"vertical_align\":\"middle\",\"title_position\":\"top-left\",\"title_rotation\":\"left\",\"title_breakpoint\":\"xl\",\"image_position\":\"top-right\",\"padding\":\"large\",\"image\":\"wp-content\\\/uploads\\\/yootheme\\\/home-about-bg_.svg\",\"image_effect\":\"parallax\",\"image_parallax_bgx_start\":\"-80\",\"image_parallax_bgy_start\":\"150\",\"image_parallax_bgx_end\":\"-80\",\"image_parallax_bgy_end\":\"400\",\"animation\":\"slide-left-medium\",\"animation_delay\":\"200\",\"css\":\"\\\/*@media(min-width: 960px) {\\n\\t.el-section > div { padding-top: 280px; }\\n}*\\\/\\n\",\"padding_remove_bottom\":false,\"media_visibility\":\"s\"},\"children\":[{\"name\":\"\",\"type\":\"row\",\"props\":{\"layout\":\"large,expand\",\"column_gap\":\"large\",\"row_gap\":\"large\"},\"children\":[{\"name\":\"\",\"type\":\"column\",\"props\":{\"image_position\":\"center-center\",\"media_overlay_gradient\":\"\",\"width_large\":\"xlarge\",\"position_sticky_breakpoint\":\"m\"},\"children\":[{\"name\":\"\",\"type\":\"headline\",\"props\":{\"title_element\":\"h2\",\"content\":\"\n\n<h1 style=\\\"color: #2a58ff;\\\">\\u00bfQui\\u00e9nes somos?<\\\/h1>\",\"title_style\":\"h6\",\"title_color\":\"primary\"}},{\"name\":\"\",\"type\":\"text\",\"props\":{\"margin\":\"default\",\"column_breakpoint\":\"m\",\"content\":\"Somos una empresa 100% mexicana con m\\u00e1s de 50 a\\u00f1os de experiencia en el ramo del OOH. Somos reconocidos por la Seriedad, Profesionalismo y Excelente servicio que brindamos a cada uno de los proyectos y a nuestros clientes.\\n\",\"maxwidth\":\"xlarge\"}},{\"name\":\"\",\"type\":\"headline\",\"props\":{\"title_element\":\"div\",\"content\":\"Tu soluci\\u00f3n completa <br class=\\\"uk-visible@s\\\"> en publicidad exterior<span class=\\\"uk-text-primary\\\">.<\\\/span>\",\"margin\":\"remove-vertical\",\"title_style\":\"h1\"}},{\"type\":\"list\",\"props\":{\"show_image\":true,\"show_link\":true,\"list_type\":\"vertical\",\"list_element\":\"ul\",\"list_horizontal_separator\":\", \",\"column_breakpoint\":\"m\",\"image_svg_color\":\"emphasis\",\"image_align\":\"left\",\"image_vertical_align\":true},\"children\":[{\"type\":\"list_item\",\"props\":{\"content\":\"Cobertura Nacional\",\"icon\":\"check\"}},{\"type\":\"list_item\",\"props\":{\"content\":\"Las mejores ubicaciones\",\"icon\":\"check\"}},{\"type\":\"list_item\",\"props\":{\"content\":\"\n\n<p><a href=\\\"https:\\\/\\\/emblem.mx\\\/02_emblem\\\/contacto\\\/\\\">Atenci\\u00f3n personalizada<\\\/a> para nuestros clientes<\\\/p>\",\"icon\":\"check\"}}]}]},{\"name\":\"\",\"type\":\"column\",\"props\":{\"image_position\":\"center-center\",\"image\":\"\",\"media_overlay_gradient\":\"\",\"width_large\":\"expand\",\"position_sticky_breakpoint\":\"m\"},\"children\":[{\"name\":\"\",\"type\":\"grid\",\"props\":{\"show_title\":true,\"show_meta\":true,\"show_content\":true,\"show_image\":true,\"show_link\":true,\"grid_default\":\"1\",\"grid_medium\":\"\",\"filter_style\":\"tab\",\"filter_all\":true,\"filter_position\":\"top\",\"filter_align\":\"left\",\"filter_grid_width\":\"auto\",\"title_element\":\"h3\",\"meta_style\":\"meta\",\"meta_align\":\"below-title\",\"image_align\":\"top\",\"image_grid_width\":\"1-2\",\"link_text\":\"\",\"link_style\":\"default\",\"margin\":\"default\",\"css\":\"\\\/*@media (min-width: 960px) {\\n    .uk-first-column > .el-item {\\n        margin-top: 80px;\\n    }\\n}*\\\/\",\"title_style\":\"h6\",\"item_animation\":true,\"image_svg_color\":\"emphasis\",\"title_align\":\"top\",\"title_grid_width\":\"1-2\",\"title_hover_style\":\"reset\",\"filter_grid_breakpoint\":\"m\",\"title_grid_breakpoint\":\"m\",\"image_grid_breakpoint\":\"m\",\"title_link\":true,\"image_link\":true,\"icon_width\":80,\"meta_element\":\"div\",\"content_column_breakpoint\":\"m\",\"animation\":\"slide-left-medium\",\"image_border\":\"rounded\",\"image_box_shadow\":\"medium\",\"attributes\":\"\"},\"children\":[{\"name\":\"\",\"type\":\"grid_item\",\"props\":{\"image\":\"wp-content\\\/uploads\\\/2022\\\/03\\\/slide_02_ok.jpg\",\"title\":\"<span class=\\\"uk-text-primary\\\"><\\\/span>Cobertura\",\"meta\":\"\",\"link\":\"#\",\"image_alt\":\"Quienes somos Emblem MX\"}}]}]}]}]}],\"version\":\"2.7.22\"} --><\/p>\n","protected":false},"excerpt":{"rendered":"<p>\u00bfQui\u00e9nes somos? Somos una empresa 100% mexicana con m\u00e1s de 50 a\u00f1os de experiencia en el ramo del OOH. Somos reconocidos por la Seriedad, Profesionalismo y Excelente servicio que brindamos a cada uno de los proyectos y a nuestros clientes. Tu soluci\u00f3n completa en publicidad exterior. Cobertura Nacional Las mejores ubicaciones Atenci\u00f3n personalizada para nuestros [&hellip;]<\/p>\n","protected":false},"author":1,"featured_media":0,"parent":0,"menu_order":0,"comment_status":"closed","ping_status":"closed","template":"","meta":{"footnotes":""},"class_list":["post-1455","page","type-page","status-publish","hentry"],"_links":{"self":[{"href":"https:\/\/emblem.mx\/02_emblem\/wp-json\/wp\/v2\/pages\/1455","targetHints":{"allow":["GET"]}}],"collection":[{"href":"https:\/\/emblem.mx\/02_emblem\/wp-json\/wp\/v2\/pages"}],"about":[{"href":"https:\/\/emblem.mx\/02_emblem\/wp-json\/wp\/v2\/types\/page"}],"author":[{"embeddable":true,"href":"https:\/\/emblem.mx\/02_emblem\/wp-json\/wp\/v2\/users\/1"}],"replies":[{"embeddable":true,"href":"https:\/\/emblem.mx\/02_emblem\/wp-json\/wp\/v2\/comments?post=1455"}],"version-history":[{"count":10,"href":"https:\/\/emblem.mx\/02_emblem\/wp-json\/wp\/v2\/pages\/1455\/revisions"}],"predecessor-version":[{"id":1908,"href":"https:\/\/emblem.mx\/02_emblem\/wp-json\/wp\/v2\/pages\/1455\/revisions\/1908"}],"wp:attachment":[{"href":"https:\/\/emblem.mx\/02_emblem\/wp-json\/wp\/v2\/media?parent=1455"}],"curies":[{"name":"wp","href":"https:\/\/api.w.org\/{rel}","templated":true}]}}