{"id":1540,"date":"2022-05-23T17:09:32","date_gmt":"2022-05-23T17:09:32","guid":{"rendered":"https:\/\/emblem.mx\/02_emblem\/?page_id=1540"},"modified":"2024-09-15T03:02:26","modified_gmt":"2024-09-15T03:02:26","slug":"espectaculares-login","status":"publish","type":"page","link":"https:\/\/emblem.mx\/02_emblem\/espectaculares-login\/","title":{"rendered":"Espectaculares-login"},"content":{"rendered":"<h1>Nuestros espectaculares<\/h1>\n<ul>\n<li>\n<p>        <img decoding=\"async\" src=\"\/02_emblem\/wp-content\/uploads\/2022\/09\/periferico_4125_01.jpeg\" alt=\"espectaculares login\"><\/p>\n<h3>PERIFERICO SUR #4125 V-N (NATURAL )<\/h3>\n<\/li>\n<li>\n<p>        <img decoding=\"async\" src=\"\/02_emblem\/wp-content\/uploads\/2022\/09\/periferico_4125.jpeg\" alt=\"espectaculares login\"><\/p>\n<h3>PERIFERICO SUR #4125 V-N (NATURAL )<\/h3>\n<\/li>\n<\/ul>\n<p><video src=\"\/02_emblem\/wp-content\/uploads\/2023\/05\/Observatorio-281.mp4\" poster=\"\"><\/video><br \/>\n<video src=\"\/02_emblem\/wp-content\/uploads\/2023\/05\/Adolfo-Lopez-Mateos-168.mp4\" poster=\"\"><\/video><br \/>\n<video src=\"\/02_emblem\/wp-content\/uploads\/2023\/05\/PATRIOTISMO-75-.mp4\" poster=\"\"><\/video><br \/>\n<video src=\"\/02_emblem\/wp-content\/uploads\/2023\/05\/Heroes-de-Churubusco-1849-.mp4\" poster=\"\"><\/video><br \/>\n<video src=\"\/02_emblem\/wp-content\/uploads\/2023\/05\/Constituyentes-847.mp4\" poster=\"\"><\/video><br \/>\n<video src=\"\/02_emblem\/wp-content\/uploads\/2023\/05\/URES-93-.mp4\" poster=\"\"><\/video><br \/>\n<video src=\"\/02_emblem\/wp-content\/uploads\/2023\/05\/Periferico-Sur-4125-x-Centrales.mp4\" poster=\"\"><\/video><br \/>\n<video src=\"\/02_emblem\/wp-content\/uploads\/2023\/05\/12-de-Octubre.mp4\" poster=\"\"><\/video><br \/>\n<video src=\"\/02_emblem\/wp-content\/uploads\/2023\/05\/Doctor-Roberto-Solis-213.mp4\" poster=\"\"><\/video><\/p>\n<h1>\u00bfDeseas seguir viendo m\u00e1s de esta secci\u00f3n?<\/h1>\n<h1>Inicia sesi\u00f3n en &#8220;Ingresa&#8221; para entrar a tu cuenta y ver todo el contenido, o crea una cuenta en &#8220;registrate&#8221; para darte de alta con nosotros. <\/h1>\n<ul>\n<li>\n<h3>Reg\u00edstrate<\/h3>\n<div>\n<p>[user_registration_form id=&#8221;1539&#8243;]<\/p>\n<\/div>\n<\/li>\n<li>\n<h3>Ingresa<\/h3>\n<div>[user_registration_my_account]<\/div>\n<\/li>\n<\/ul>\n<p><!--more--><br \/>\n<!-- {\"type\":\"layout\",\"children\":[{\"type\":\"section\",\"props\":{\"style\":\"default\",\"width\":\"default\",\"vertical_align\":\"middle\",\"title_position\":\"top-left\",\"title_rotation\":\"left\",\"title_breakpoint\":\"xl\",\"image_position\":\"center-center\",\"animation\":\"fade\",\"animation_delay\":\"200\"},\"children\":[{\"type\":\"row\",\"children\":[{\"type\":\"column\",\"props\":{\"position_sticky_breakpoint\":\"m\",\"image_position\":\"center-center\",\"media_overlay_gradient\":\"\"},\"children\":[{\"type\":\"headline\",\"props\":{\"title_element\":\"h1\",\"content\":\"Nuestros espectaculares\",\"title_decoration\":\"line\",\"text_align\":\"center\"}},{\"type\":\"gallery\",\"props\":{\"show_title\":true,\"show_meta\":true,\"show_content\":true,\"show_link\":true,\"show_hover_image\":true,\"grid_default\":\"1\",\"grid_medium\":\"3\",\"filter_style\":\"tab\",\"filter_all\":true,\"filter_position\":\"top\",\"filter_align\":\"left\",\"filter_grid_width\":\"auto\",\"filter_grid_breakpoint\":\"m\",\"overlay_mode\":\"cover\",\"overlay_hover\":true,\"overlay_style\":\"overlay-primary\",\"text_color\":\"light\",\"overlay_position\":\"bottom-left\",\"overlay_transition\":\"fade\",\"title_hover_style\":\"reset\",\"title_element\":\"h3\",\"meta_style\":\"meta\",\"meta_align\":\"below-title\",\"meta_element\":\"div\",\"link_text\":\"Ver imagen\",\"link_style\":\"text\",\"text_align\":\"center\",\"margin\":\"default\",\"item_animation\":true,\"title_transition\":\"slide-bottom-medium\",\"title_style\":\"h6\",\"lightbox\":true,\"link_transition\":\"slide-bottom-medium\",\"grid_small\":\"2\",\"grid_large\":\"4\",\"grid_column_gap\":\"medium\",\"grid_row_gap\":\"medium\",\"grid_column_align\":false,\"grid_row_align\":false,\"grid_masonry\":false,\"grid_parallax\":\"\",\"image_box_decoration_inverse\":true,\"css\":\".el-image{\\nborder-radius:5px;\\n}\",\"animation\":\"slide-bottom-medium\",\"title_link\":true,\"link_fullwidth\":false,\"overlay_link\":true,\"lightbox_image_width\":\"\",\"lightbox_image_height\":\"\",\"image_width\":\"450\",\"image_height\":\"350\",\"status\":\"\"},\"children\":[{\"type\":\"gallery_item\",\"props\":{\"image\":\"wp-content\\\/uploads\\\/2022\\\/09\\\/periferico_4125_01.jpeg\",\"title\":\"PERIFERICO SUR #4125 V-N (NATURAL )\",\"image_alt\":\"espectaculares login\"}},{\"type\":\"gallery_item\",\"props\":{\"image\":\"wp-content\\\/uploads\\\/2022\\\/09\\\/periferico_4125.jpeg\",\"title\":\"PERIFERICO SUR #4125 V-N (NATURAL )\",\"image_alt\":\"espectaculares login\"}}],\"name\":\"galeria_espectaculares_may31\"}]}]}]},{\"type\":\"section\",\"props\":{\"style\":\"default\",\"width\":\"default\",\"vertical_align\":\"middle\",\"title_position\":\"top-left\",\"title_rotation\":\"left\",\"title_breakpoint\":\"xl\",\"image_position\":\"center-center\",\"animation\":\"scale-down\",\"animation_delay\":\"200\"},\"children\":[{\"type\":\"row\",\"props\":{\"layout\":\"1-3,1-3,1-3\"},\"children\":[{\"type\":\"column\",\"props\":{\"position_sticky_breakpoint\":\"m\",\"image_position\":\"center-center\",\"media_overlay_gradient\":\"\",\"width_medium\":\"1-3\"},\"children\":[{\"type\":\"video\",\"props\":{\"video_controls\":true,\"margin\":\"default\",\"video\":\"wp-content\\\/uploads\\\/2023\\\/05\\\/Observatorio-281.mp4\"}},{\"type\":\"video\",\"props\":{\"video_controls\":true,\"margin\":\"default\",\"video\":\"wp-content\\\/uploads\\\/2023\\\/05\\\/Adolfo-Lopez-Mateos-168.mp4\"}},{\"type\":\"video\",\"props\":{\"video_controls\":true,\"margin\":\"default\",\"video\":\"wp-content\\\/uploads\\\/2023\\\/05\\\/PATRIOTISMO-75-.mp4\"}}]},{\"type\":\"column\",\"props\":{\"position_sticky_breakpoint\":\"m\",\"image_position\":\"center-center\",\"media_overlay_gradient\":\"\",\"width_medium\":\"1-3\"},\"children\":[{\"type\":\"video\",\"props\":{\"video_controls\":true,\"margin\":\"default\",\"video\":\"wp-content\\\/uploads\\\/2023\\\/05\\\/Heroes-de-Churubusco-1849-.mp4\"}},{\"type\":\"video\",\"props\":{\"video_controls\":true,\"margin\":\"default\",\"video\":\"wp-content\\\/uploads\\\/2023\\\/05\\\/Constituyentes-847.mp4\"}},{\"type\":\"video\",\"props\":{\"video_controls\":true,\"margin\":\"default\",\"video\":\"wp-content\\\/uploads\\\/2023\\\/05\\\/URES-93-.mp4\"}}]},{\"type\":\"column\",\"props\":{\"position_sticky_breakpoint\":\"m\",\"image_position\":\"center-center\",\"media_overlay_gradient\":\"\",\"width_medium\":\"1-3\"},\"children\":[{\"type\":\"video\",\"props\":{\"video_controls\":true,\"margin\":\"default\",\"video\":\"wp-content\\\/uploads\\\/2023\\\/05\\\/Periferico-Sur-4125-x-Centrales.mp4\"}},{\"type\":\"video\",\"props\":{\"video_controls\":true,\"margin\":\"default\",\"video\":\"wp-content\\\/uploads\\\/2023\\\/05\\\/12-de-Octubre.mp4\"}},{\"type\":\"video\",\"props\":{\"video_controls\":true,\"margin\":\"default\",\"video\":\"wp-content\\\/uploads\\\/2023\\\/05\\\/Doctor-Roberto-Solis-213.mp4\"}}]}]}],\"name\":\"videos_may\"},{\"type\":\"section\",\"props\":{\"style\":\"default\",\"width\":\"default\",\"vertical_align\":\"middle\",\"title_position\":\"top-left\",\"title_rotation\":\"left\",\"title_breakpoint\":\"xl\",\"image_position\":\"center-center\",\"animation\":\"fade\",\"animation_delay\":\"200\"},\"children\":[{\"type\":\"row\",\"children\":[{\"type\":\"column\",\"props\":{\"position_sticky_breakpoint\":\"m\",\"image_position\":\"center-center\",\"media_overlay_gradient\":\"\"},\"children\":[{\"type\":\"headline\",\"props\":{\"title_element\":\"h1\",\"content\":\"\\u00bfDeseas seguir viendo m\\u00e1s de esta secci\\u00f3n?\",\"title_decoration\":\"line\",\"text_align\":\"center\"}},{\"type\":\"headline\",\"props\":{\"title_element\":\"h1\",\"content\":\"Inicia sesi\\u00f3n en \\\"Ingresa\\\" para entrar a tu cuenta y ver todo el contenido, o crea una cuenta en \\\"registrate\\\" para darte de alta con nosotros. \",\"title_decoration\":\"line\",\"text_align\":\"center\",\"title_style\":\"h5\"}},{\"type\":\"switcher\",\"props\":{\"show_title\":false,\"show_meta\":true,\"show_content\":true,\"show_image\":true,\"show_link\":true,\"show_label\":true,\"show_thumbnail\":true,\"switcher_animation\":\"fade\",\"switcher_height\":true,\"nav\":\"tab\",\"nav_position\":\"top\",\"nav_align\":\"center\",\"nav_grid_width\":\"auto\",\"nav_grid_breakpoint\":\"m\",\"thumbnav_svg_color\":\"emphasis\",\"title_element\":\"h3\",\"title_align\":\"top\",\"title_grid_width\":\"1-2\",\"title_grid_breakpoint\":\"m\",\"meta_style\":\"meta\",\"meta_align\":\"below-title\",\"meta_element\":\"div\",\"content_column_breakpoint\":\"m\",\"image_svg_color\":\"emphasis\",\"image_align\":\"top\",\"image_grid_width\":\"1-2\",\"image_grid_breakpoint\":\"m\",\"thumbnav_width\":\"100\",\"thumbnav_height\":\"75\",\"link_text\":\"Read more\",\"link_style\":\"default\",\"margin\":\"default\"},\"children\":[{\"type\":\"switcher_item\",\"props\":{\"title\":\"Reg\\u00edstrate\",\"content\":\"\n\n<p>[user_registration_form id=\\\"1539\\\"]<\\\/p>\"}},{\"type\":\"switcher_item\",\"props\":{\"title\":\"Ingresa\",\"content\":\"[user_registration_my_account]\"}}]}]}]}]}],\"version\":\"2.7.22\"} --><\/p>\n","protected":false},"excerpt":{"rendered":"<p>Nuestros espectaculares PERIFERICO SUR #4125 V-N (NATURAL ) PERIFERICO SUR #4125 V-N (NATURAL ) \u00bfDeseas seguir viendo m\u00e1s de esta secci\u00f3n? Inicia sesi\u00f3n en &#8220;Ingresa&#8221; para entrar a tu cuenta y ver todo el contenido, o crea una cuenta en &#8220;registrate&#8221; para darte de alta con nosotros. Reg\u00edstrate [user_registration_form id=&#8221;1539&#8243;] Ingresa [user_registration_my_account]<\/p>\n","protected":false},"author":1,"featured_media":0,"parent":0,"menu_order":0,"comment_status":"closed","ping_status":"closed","template":"","meta":{"footnotes":""},"class_list":["post-1540","page","type-page","status-publish","hentry"],"_links":{"self":[{"href":"https:\/\/emblem.mx\/02_emblem\/wp-json\/wp\/v2\/pages\/1540","targetHints":{"allow":["GET"]}}],"collection":[{"href":"https:\/\/emblem.mx\/02_emblem\/wp-json\/wp\/v2\/pages"}],"about":[{"href":"https:\/\/emblem.mx\/02_emblem\/wp-json\/wp\/v2\/types\/page"}],"author":[{"embeddable":true,"href":"https:\/\/emblem.mx\/02_emblem\/wp-json\/wp\/v2\/users\/1"}],"replies":[{"embeddable":true,"href":"https:\/\/emblem.mx\/02_emblem\/wp-json\/wp\/v2\/comments?post=1540"}],"version-history":[{"count":58,"href":"https:\/\/emblem.mx\/02_emblem\/wp-json\/wp\/v2\/pages\/1540\/revisions"}],"predecessor-version":[{"id":1917,"href":"https:\/\/emblem.mx\/02_emblem\/wp-json\/wp\/v2\/pages\/1540\/revisions\/1917"}],"wp:attachment":[{"href":"https:\/\/emblem.mx\/02_emblem\/wp-json\/wp\/v2\/media?parent=1540"}],"curies":[{"name":"wp","href":"https:\/\/api.w.org\/{rel}","templated":true}]}}