{"id":1798,"date":"2023-10-08T23:02:27","date_gmt":"2023-10-08T23:02:27","guid":{"rendered":"https:\/\/emblem.mx\/02_emblem\/?page_id=1798"},"modified":"2024-10-14T23:31:03","modified_gmt":"2024-10-14T23:31:03","slug":"promociones","status":"publish","type":"page","link":"https:\/\/emblem.mx\/02_emblem\/promociones\/","title":{"rendered":"Promociones"},"content":{"rendered":"<h1>Promociones<\/h1>\n<ul>\n<li>\n<p>        <img decoding=\"async\" src=\"\/02_emblem\/wp-content\/uploads\/2024\/10\/1.png\" alt=\"\"><\/p>\n<\/li>\n<li>\n<p>        <img decoding=\"async\" src=\"\/02_emblem\/wp-content\/uploads\/2024\/10\/2.png\" alt=\"\"><\/p>\n<\/li>\n<li>\n<p>        <img decoding=\"async\" src=\"\/02_emblem\/wp-content\/uploads\/2024\/10\/3.png\" alt=\"\"><\/p>\n<\/li>\n<li>\n<p>        <img decoding=\"async\" src=\"\/02_emblem\/wp-content\/uploads\/2024\/10\/4.png\" alt=\"\"><\/p>\n<\/li>\n<\/ul>\n<h2>D\u00e9janos tus datos<\/h2>\n<div>\n<div id=\"mc_embed_shell\">\n      <link href=\"\/\/cdn-images.mailchimp.com\/embedcode\/classic-061523.css\" rel=\"stylesheet\" type=\"text\/css\">\n<style type=\"text\/css\">\n        #mc_embed_signup{background:#1e212c; false;clear:left; font:14px Helvetica,Arial,sans-serif; width: 100%;}\n        \/* Add your own Mailchimp form style overrides in your site stylesheet or in this style block.\n           We recommend moving this block and the preceding CSS link to the HEAD of your HTML file. *\/\n<\/style>\n<div id=\"mc_embed_signup\">\n<form action=\"https:\/\/emblem.us17.list-manage.com\/subscribe\/post?u=baaaba0f1eaa18ae2a355e39f&amp;id=fedcee4643&amp;f_id=008b6fe0f0\" method=\"post\" id=\"mc-embedded-subscribe-form\" name=\"mc-embedded-subscribe-form\" class=\"validate\" target=\"_blank\">\n<div id=\"mc_embed_signup_scroll\">\n<div class=\"indicates-required\"><span class=\"asterisk\">*<\/span> indicates required<\/div>\n<div class=\"mc-field-group\"><label for=\"mce-EMAIL\">Direcci\u00f3n de correo electr\u00f3nico <span class=\"asterisk\">*<\/span><\/label><input type=\"email\" name=\"EMAIL\" class=\"required email\" id=\"mce-EMAIL\" required=\"\" value=\"\"><\/div>\n<div class=\"mc-field-group\"><label for=\"mce-FNAME\">Nombre <span class=\"asterisk\">*<\/span><\/label><input type=\"text\" name=\"FNAME\" class=\"required text\" id=\"mce-FNAME\" value=\"\" required=\"\"><\/div>\n<div class=\"mc-field-group\"><label for=\"mce-LNAME\">Apellidos <\/label><input type=\"text\" name=\"LNAME\" class=\" text\" id=\"mce-LNAME\" value=\"\"><\/div>\n<div class=\"mc-field-group\"><label for=\"mce-EMPRESA\">Nombre empresa <span class=\"asterisk\">*<\/span><\/label><input type=\"text\" name=\"EMPRESA\" class=\"required text\" id=\"mce-EMPRESA\" value=\"\" required=\"\"><\/div>\n<div class=\"mc-field-group\"><label for=\"mce-PHONE\">N\u00famero de tel\u00e9fono <span class=\"asterisk\">*<\/span><\/label><input type=\"text\" name=\"PHONE\" class=\"REQ_CSS\" id=\"mce-PHONE\" value=\"\"><\/div>\n<div class=\"mc-field-group\"><label for=\"mce-MOBILE\">Tel\u00e9fono M\u00f3vil <\/label><input type=\"text\" name=\"MOBILE\" class=\"REQ_CSS\" id=\"mce-MOBILE\" value=\"\"><\/div>\n<div class=\"mc-address-group\">\n<div class=\"mc-field-group\"><label for=\"mce-ADDRESS-addr1\">Direcci\u00f3n <\/label><input type=\"text\" maxlength=\"70\" name=\"ADDRESS[addr1]\" id=\"mce-ADDRESS-addr1\" class=\"\" value=\"\"><\/div>\n<div class=\"mc-field-group\"><label for=\"mce-ADDRESS-addr2\">Direcci\u00f3n l\u00ednea 2<\/label><input type=\"text\" maxlength=\"70\" name=\"ADDRESS[addr2]\" id=\"mce-ADDRESS-addr2\" value=\"\"><\/div>\n<div class=\"mc-address-fields-group\">\n<div class=\"mc-field-group\"><label for=\"mce-ADDRESS-city\">Ciudad<\/label><input type=\"text\" maxlength=\"40\" name=\"ADDRESS[city]\" id=\"mce-ADDRESS-city\" class=\"\" value=\"\"><\/div>\n<div class=\"mc-field-group\"><label for=\"mce-ADDRESS-state\">Estado<\/label><input type=\"text\" maxlength=\"20\" name=\"ADDRESS[state]\" id=\"mceADDRESS-state\" class=\"\" value=\"\"><\/div>\n<div class=\"mc-field-group\"><label for=\"mce-ADDRESS-zip\">CP<\/label><input type=\"text\" maxlength=\"10\" name=\"ADDRESS[zip]\" id=\"mce-ADDRESS-zip\" class=\"\" value=\"\"><\/div>\n<\/div><\/div>\n<div id=\"mce-responses\" class=\"clear foot\">\n<div class=\"response\" id=\"mce-error-response\" style=\"display: none;\"><\/div>\n<div class=\"response\" id=\"mce-success-response\" style=\"display: none;\"><\/div>\n<\/p><\/div>\n<div aria-hidden=\"true\" style=\"position: absolute; left: -5000px;\">\n        \/* real people should not fill this in and expect good things &#8211; do not remove this or risk form bot signups *\/<br \/>\n        <input type=\"text\" name=\"b_baaaba0f1eaa18ae2a355e39f_fedcee4643\" tabindex=\"-1\" value=\"\">\n    <\/div>\n<div class=\"optionalParent\">\n<div class=\"clear foot\">\n                <input type=\"submit\" name=\"subscribe\" id=\"mc-embedded-subscribe\" class=\"button\" value=\"ENVIAR\"><\/p>\n<p style=\"margin: 0px auto;\"><a href=\"http:\/\/eepurl.com\/iBk_Us\" title=\"Mailchimp: marketing por correo electr\u00f3nico f\u00e1cil y divertido\"><span style=\"display: inline-block; background-color: transparent; border-radius: 4px;\"><img decoding=\"async\" class=\"refferal_badge\" src=\"https:\/\/digitalasset.intuit.com\/render\/content\/dam\/intuit\/mc-fe\/en_us\/images\/intuit-mc-rewards-text-dark.svg\" alt=\"Intuit Mailchimp\" style=\"width: 220px; height: 40px; display: flex; padding: 2px 0px; justify-content: center; align-items: center;\"><\/span><\/a><\/p>\n<\/p><\/div>\n<\/p><\/div>\n<\/p><\/div>\n<\/form>\n<\/div>\n<p><script type=\"text\/javascript\" src=\"\/\/s3.amazonaws.com\/downloads.mailchimp.com\/js\/mc-validate.js\"><\/script><script type=\"text\/javascript\">(function($) {window.fnames = new Array(); window.ftypes = new Array();fnames[0]='EMAIL';ftypes[0]='email';fnames[1]='FNAME';ftypes[1]='text';fnames[2]='LNAME';ftypes[2]='text';fnames[6]='EMPRESA';ftypes[6]='text';fnames[4]='PHONE';ftypes[4]='phone';fnames[7]='MOBILE';ftypes[7]='phone';fnames[3]='ADDRESS';ftypes[3]='address';fnames[5]='BIRTHDAY';ftypes[5]='birthday';fnames[8]='MMERGE8';ftypes[8]='address';}(jQuery));var $mcj = jQuery.noConflict(true);<\/script><\/div>\n<\/div>\n<p><!--more--><br \/>\n<!-- {\"type\":\"layout\",\"children\":[{\"type\":\"section\",\"props\":{\"style\":\"default\",\"width\":\"default\",\"vertical_align\":\"middle\",\"title_position\":\"top-left\",\"title_rotation\":\"left\",\"title_breakpoint\":\"xl\",\"image_position\":\"center-center\"},\"children\":[{\"type\":\"row\",\"children\":[{\"type\":\"column\",\"props\":{\"position_sticky_breakpoint\":\"m\",\"image_position\":\"center-center\",\"media_overlay_gradient\":\"\"},\"children\":[{\"type\":\"headline\",\"props\":{\"title_element\":\"h1\",\"content\":\"Promociones\",\"title_decoration\":\"line\",\"text_align\":\"center\"}},{\"type\":\"slideshow\",\"props\":{\"show_title\":false,\"show_meta\":true,\"show_content\":true,\"show_link\":true,\"show_thumbnail\":true,\"slideshow_min_height\":300,\"slideshow_autoplay_pause\":true,\"nav\":\"dotnav\",\"nav_position\":\"bottom-center\",\"nav_position_margin\":\"medium\",\"nav_align\":\"center\",\"nav_breakpoint\":\"s\",\"thumbnav_width\":\"100\",\"thumbnav_height\":\"75\",\"thumbnav_svg_color\":\"emphasis\",\"slidenav\":\"default\",\"slidenav_margin\":\"medium\",\"slidenav_breakpoint\":\"s\",\"slidenav_outside_breakpoint\":\"xl\",\"overlay_position\":\"center-left\",\"overlay_animation\":\"parallax\",\"title_element\":\"h3\",\"meta_style\":\"meta\",\"meta_align\":\"below-title\",\"meta_element\":\"div\",\"link_text\":\"Read more\",\"link_style\":\"default\",\"margin\":\"default\",\"slideshow_autoplay\":true},\"children\":[{\"type\":\"slideshow_item\",\"props\":{\"image\":\"wp-content\\\/uploads\\\/2024\\\/10\\\/1.png\"}},{\"type\":\"slideshow_item\",\"props\":{\"image\":\"wp-content\\\/uploads\\\/2024\\\/10\\\/2.png\"}},{\"type\":\"slideshow_item\",\"props\":{\"image\":\"wp-content\\\/uploads\\\/2024\\\/10\\\/3.png\"}},{\"type\":\"slideshow_item\",\"props\":{\"image\":\"wp-content\\\/uploads\\\/2024\\\/10\\\/4.png\"}}]},{\"type\":\"headline\",\"props\":{\"title_element\":\"h2\",\"content\":\"D\\u00e9janos tus datos\",\"title_decoration\":\"line\",\"text_align\":\"center\",\"title_style\":\"h2\"}},{\"type\":\"html\",\"props\":{\"content\":\"\n\n<div id=\\\"mc_embed_shell\\\">\\n      <link href=\\\"\\\/\\\/cdn-images.mailchimp.com\\\/embedcode\\\/classic-061523.css\\\" rel=\\\"stylesheet\\\" type=\\\"text\\\/css\\\">\\n  \n\n<style type=\\\"text\\\/css\\\">\\n        #mc_embed_signup{background:#1e212c; false;clear:left; font:14px Helvetica,Arial,sans-serif; width: 100%;}\\n        \\\/* Add your own Mailchimp form style overrides in your site stylesheet or in this style block.\\n           We recommend moving this block and the preceding CSS link to the HEAD of your HTML file. *\\\/\\n<\\\/style>\\n\n\n<div id=\\\"mc_embed_signup\\\">\\n    \n\n<form action=\\\"https:\\\/\\\/emblem.us17.list-manage.com\\\/subscribe\\\/post?u=baaaba0f1eaa18ae2a355e39f&amp;id=fedcee4643&amp;f_id=008b6fe0f0\\\" method=\\\"post\\\" id=\\\"mc-embedded-subscribe-form\\\" name=\\\"mc-embedded-subscribe-form\\\" class=\\\"validate\\\" target=\\\"_blank\\\">\\n        \n\n<div id=\\\"mc_embed_signup_scroll\\\">\\n            \n\n<div class=\\\"indicates-required\\\"><span class=\\\"asterisk\\\">*<\\\/span> indicates required<\\\/div>\\n            \n\n<div class=\\\"mc-field-group\\\"><label for=\\\"mce-EMAIL\\\">Direcci\\u00f3n de correo electr\\u00f3nico <span class=\\\"asterisk\\\">*<\\\/span><\\\/label><input type=\\\"email\\\" name=\\\"EMAIL\\\" class=\\\"required email\\\" id=\\\"mce-EMAIL\\\" required=\\\"\\\" value=\\\"\\\"><\\\/div>\n\n<div class=\\\"mc-field-group\\\"><label for=\\\"mce-FNAME\\\">Nombre <span class=\\\"asterisk\\\">*<\\\/span><\\\/label><input type=\\\"text\\\" name=\\\"FNAME\\\" class=\\\"required text\\\" id=\\\"mce-FNAME\\\" value=\\\"\\\" required=\\\"\\\"><\\\/div>\n\n<div class=\\\"mc-field-group\\\"><label for=\\\"mce-LNAME\\\">Apellidos <\\\/label><input type=\\\"text\\\" name=\\\"LNAME\\\" class=\\\" text\\\" id=\\\"mce-LNAME\\\" value=\\\"\\\"><\\\/div>\n\n<div class=\\\"mc-field-group\\\"><label for=\\\"mce-EMPRESA\\\">Nombre empresa <span class=\\\"asterisk\\\">*<\\\/span><\\\/label><input type=\\\"text\\\" name=\\\"EMPRESA\\\" class=\\\"required text\\\" id=\\\"mce-EMPRESA\\\" value=\\\"\\\" required=\\\"\\\"><\\\/div>\n\n<div class=\\\"mc-field-group\\\"><label for=\\\"mce-PHONE\\\">N\\u00famero de tel\\u00e9fono <span class=\\\"asterisk\\\">*<\\\/span><\\\/label><input type=\\\"text\\\" name=\\\"PHONE\\\" class=\\\"REQ_CSS\\\" id=\\\"mce-PHONE\\\" value=\\\"\\\"><\\\/div>\n\n<div class=\\\"mc-field-group\\\"><label for=\\\"mce-MOBILE\\\">Tel\\u00e9fono M\\u00f3vil <\\\/label><input type=\\\"text\\\" name=\\\"MOBILE\\\" class=\\\"REQ_CSS\\\" id=\\\"mce-MOBILE\\\" value=\\\"\\\"><\\\/div>\n\n<div class=\\\"mc-address-group\\\">\n\n<div class=\\\"mc-field-group\\\"><label for=\\\"mce-ADDRESS-addr1\\\">Direcci\\u00f3n <\\\/label><input type=\\\"text\\\" maxlength=\\\"70\\\" name=\\\"ADDRESS[addr1]\\\" id=\\\"mce-ADDRESS-addr1\\\" class=\\\"\\\" value=\\\"\\\"><\\\/div>\n\n<div class=\\\"mc-field-group\\\"><label for=\\\"mce-ADDRESS-addr2\\\">Direcci\\u00f3n l\\u00ednea 2<\\\/label><input type=\\\"text\\\" maxlength=\\\"70\\\" name=\\\"ADDRESS[addr2]\\\" id=\\\"mce-ADDRESS-addr2\\\" value=\\\"\\\"><\\\/div>\n\n<div class=\\\"mc-address-fields-group\\\">\n\n<div class=\\\"mc-field-group\\\"><label for=\\\"mce-ADDRESS-city\\\">Ciudad<\\\/label><input type=\\\"text\\\" maxlength=\\\"40\\\" name=\\\"ADDRESS[city]\\\" id=\\\"mce-ADDRESS-city\\\" class=\\\"\\\" value=\\\"\\\"><\\\/div>\n\n<div class=\\\"mc-field-group\\\"><label for=\\\"mce-ADDRESS-state\\\">Estado<\\\/label><input type=\\\"text\\\" maxlength=\\\"20\\\" name=\\\"ADDRESS[state]\\\" id=\\\"mceADDRESS-state\\\" class=\\\"\\\" value=\\\"\\\"><\\\/div>\n\n<div class=\\\"mc-field-group\\\"><label for=\\\"mce-ADDRESS-zip\\\">CP<\\\/label><input type=\\\"text\\\" maxlength=\\\"10\\\" name=\\\"ADDRESS[zip]\\\" id=\\\"mce-ADDRESS-zip\\\" class=\\\"\\\" value=\\\"\\\"><\\\/div><\\\/div>\\n            <\\\/div>\\n        \n\n<div id=\\\"mce-responses\\\" class=\\\"clear foot\\\">\\n            \n\n<div class=\\\"response\\\" id=\\\"mce-error-response\\\" style=\\\"display: none;\\\"><\\\/div>\\n            \n\n<div class=\\\"response\\\" id=\\\"mce-success-response\\\" style=\\\"display: none;\\\"><\\\/div>\\n        <\\\/div>\\n    \n\n<div aria-hidden=\\\"true\\\" style=\\\"position: absolute; left: -5000px;\\\">\\n        \\\/* real people should not fill this in and expect good things - do not remove this or risk form bot signups *\\\/\\n        <input type=\\\"text\\\" name=\\\"b_baaaba0f1eaa18ae2a355e39f_fedcee4643\\\" tabindex=\\\"-1\\\" value=\\\"\\\">\\n    <\\\/div>\\n        \n\n<div class=\\\"optionalParent\\\">\\n            \n\n<div class=\\\"clear foot\\\">\\n                <input type=\\\"submit\\\" name=\\\"subscribe\\\" id=\\\"mc-embedded-subscribe\\\" class=\\\"button\\\" value=\\\"ENVIAR\\\">\\n                \n\n<p style=\\\"margin: 0px auto;\\\"><a href=\\\"http:\\\/\\\/eepurl.com\\\/iBk_Us\\\" title=\\\"Mailchimp: marketing por correo electr\\u00f3nico f\\u00e1cil y divertido\\\"><span style=\\\"display: inline-block; background-color: transparent; border-radius: 4px;\\\"><img class=\\\"refferal_badge\\\" src=\\\"https:\\\/\\\/digitalasset.intuit.com\\\/render\\\/content\\\/dam\\\/intuit\\\/mc-fe\\\/en_us\\\/images\\\/intuit-mc-rewards-text-dark.svg\\\" alt=\\\"Intuit Mailchimp\\\" style=\\\"width: 220px; height: 40px; display: flex; padding: 2px 0px; justify-content: center; align-items: center;\\\"><\\\/span><\\\/a><\\\/p>\\n            <\\\/div>\\n        <\\\/div>\\n    <\\\/div>\\n<\\\/form>\\n<\\\/div>\\n<script type=\\\"text\\\/javascript\\\" src=\\\"\\\/\\\/s3.amazonaws.com\\\/downloads.mailchimp.com\\\/js\\\/mc-validate.js\\\"><\\\/script><script type=\\\"text\\\/javascript\\\">(function($) {window.fnames = new Array(); window.ftypes = new Array();fnames[0]='EMAIL';ftypes[0]='email';fnames[1]='FNAME';ftypes[1]='text';fnames[2]='LNAME';ftypes[2]='text';fnames[6]='EMPRESA';ftypes[6]='text';fnames[4]='PHONE';ftypes[4]='phone';fnames[7]='MOBILE';ftypes[7]='phone';fnames[3]='ADDRESS';ftypes[3]='address';fnames[5]='BIRTHDAY';ftypes[5]='birthday';fnames[8]='MMERGE8';ftypes[8]='address';}(jQuery));var $mcj = jQuery.noConflict(true);<\\\/script><\\\/div>\\n\"}}]}]}]}],\"version\":\"2.7.22\"} --><\/p>\n","protected":false},"excerpt":{"rendered":"<p>Promociones D\u00e9janos tus datos * indicates required Direcci\u00f3n de correo electr\u00f3nico * Nombre * Apellidos Nombre empresa * N\u00famero de tel\u00e9fono * Tel\u00e9fono M\u00f3vil Direcci\u00f3n Direcci\u00f3n l\u00ednea 2 Ciudad Estado CP \/* real people should not fill this in and expect good things &#8211; do not remove this or risk form bot signups *\/<\/p>\n","protected":false},"author":1,"featured_media":0,"parent":0,"menu_order":0,"comment_status":"closed","ping_status":"closed","template":"","meta":{"footnotes":""},"class_list":["post-1798","page","type-page","status-publish","hentry"],"_links":{"self":[{"href":"https:\/\/emblem.mx\/02_emblem\/wp-json\/wp\/v2\/pages\/1798","targetHints":{"allow":["GET"]}}],"collection":[{"href":"https:\/\/emblem.mx\/02_emblem\/wp-json\/wp\/v2\/pages"}],"about":[{"href":"https:\/\/emblem.mx\/02_emblem\/wp-json\/wp\/v2\/types\/page"}],"author":[{"embeddable":true,"href":"https:\/\/emblem.mx\/02_emblem\/wp-json\/wp\/v2\/users\/1"}],"replies":[{"embeddable":true,"href":"https:\/\/emblem.mx\/02_emblem\/wp-json\/wp\/v2\/comments?post=1798"}],"version-history":[{"count":21,"href":"https:\/\/emblem.mx\/02_emblem\/wp-json\/wp\/v2\/pages\/1798\/revisions"}],"predecessor-version":[{"id":1946,"href":"https:\/\/emblem.mx\/02_emblem\/wp-json\/wp\/v2\/pages\/1798\/revisions\/1946"}],"wp:attachment":[{"href":"https:\/\/emblem.mx\/02_emblem\/wp-json\/wp\/v2\/media?parent=1798"}],"curies":[{"name":"wp","href":"https:\/\/api.w.org\/{rel}","templated":true}]}}